{"id":851,"date":"2010-08-28T14:27:11","date_gmt":"2010-08-28T14:27:11","guid":{"rendered":"http:\/\/semndecarte.metarsis.ro\/?page_id=851"},"modified":"2012-12-19T22:08:57","modified_gmt":"2012-12-19T20:08:57","slug":"cafeneaceainarie","status":"publish","type":"page","link":"https:\/\/semndecarte.metarsis.ro\/?page_id=851","title":{"rendered":"Cafenea\/Ceain\u0103rie"},"content":{"rendered":"<p style=\"text-align: justify;\"><span style=\"color: #ffffff;\"><a href=\"http:\/\/semndecarte.metarsis.ro\/wp-content\/uploads\/2010\/08\/Cafeneaua-Semndecarte.jpg\" rel=\"lightbox[851]\"><img loading=\"lazy\" class=\"aligncenter size-full wp-image-4526\" title=\"Cafeneaua Semndecarte\" src=\"http:\/\/semndecarte.metarsis.ro\/wp-content\/uploads\/2010\/08\/Cafeneaua-Semndecarte.jpg\" alt=\"\" width=\"520\" height=\"200\" srcset=\"https:\/\/semndecarte.metarsis.ro\/wp-content\/uploads\/2010\/08\/Cafeneaua-Semndecarte.jpg 520w, https:\/\/semndecarte.metarsis.ro\/wp-content\/uploads\/2010\/08\/Cafeneaua-Semndecarte-160x61.jpg 160w, https:\/\/semndecarte.metarsis.ro\/wp-content\/uploads\/2010\/08\/Cafeneaua-Semndecarte-163x62.jpg 163w\" sizes=\"(max-width: 520px) 100vw, 520px\" \/><\/a>.<\/span><\/p>\n<p style=\"text-align: justify;\">Cafeneaua\/Ceain\u0103ria libr\u0103riei Semn de carte<span style=\"color: #ff0000;\">*<\/span> \u0219i-a propus s\u0103 devin\u0103 un loc de referint\u0103 \u00een ora\u0219, prin promovarea produselor de cea mai bun\u0103 calitate. C\u0103ut\u0103m naturalul, gustul \u0219i originalitatea sortimentelor de cafea \u0219i ceaiuri, pe care vi le oferim apoi cu m\u00e2ndrie \u0219i satisfac\u021bie, al\u0103turi de posibiltatea lectur\u0103rii volumelor din libr\u0103rie. Pentru c\u0103 am reflectat \u00eendelung asupra op\u021biunilor noastre, v\u0103 prezent\u0103m mai jos principalele produse ce stau la baza sortimentelor de b\u0103uturi oferite:<\/p>\n<p><span style=\"color: #ffffff;\">.<\/span><\/p>\n<h2>Gustul de origine al cafelei.<strong><br \/>\n<\/strong><\/h2>\n<p style=\"text-align: justify;\">Libr\u0103ria &#8222;Semn de carte*&#8221; \u00ee\u021bi ofer\u0103 cafeaua de cea mai \u00eenalt\u0103 clas\u0103, ce provine chiar din patria cafelei &#8211; Etiopia. Pr\u0103jit\u0103 de noi \u015fi m\u0103cinat\u0103 tot timpul proasp\u0103t, cafeaua <a href=\"http:\/\/www.dallmayr-grandcru.com\/yirgacheffe-aethopien.html\" target=\"_blank\">Etiopia Yirgacheffe<\/a>, o gasi\u021bi doar la noi disponibil\u0103 delect\u0103rii at\u00e2t \u00een b\u0103uturi diverse din cafea c\u00e2t \u0219i ambalat\u0103 pentru acas\u0103. Pentru impresii detaliate legate de calitatea cafelei, acceseaza cu incredere link-ul de mai jos.<\/p>\n<h2><strong><strong><img loading=\"lazy\" class=\"size-full wp-image-3297 aligncenter\" title=\"Cafea Etiopia\" src=\"http:\/\/semndecarte.metarsis.ro\/wp-content\/uploads\/2010\/08\/Cafea-Etiopia1.jpg\" alt=\"\" width=\"520\" height=\"200\" srcset=\"https:\/\/semndecarte.metarsis.ro\/wp-content\/uploads\/2010\/08\/Cafea-Etiopia1.jpg 520w, https:\/\/semndecarte.metarsis.ro\/wp-content\/uploads\/2010\/08\/Cafea-Etiopia1-300x115.jpg 300w\" sizes=\"(max-width: 520px) 100vw, 520px\" \/><\/strong><\/strong><\/h2>\n<p style=\"text-align: left;\"><span style=\"color: #ffffff;\">.<br \/>\n<\/span><\/p>\n<h2>Ceaiuri cu tradi\u021bie.<\/h2>\n<p style=\"text-align: justify;\">C\u00e2nd vine vorba de cele mai populare b\u0103uturi din lume, ceaiul este al doilea dup\u0103 apa. Din acest motiv am fost foarte aten\u021bi la op\u021biunile noastre c\u00e2nd am hot\u0103r\u00e2t s\u0103 \u00eeti oferim ceaiuri cu totul speciale. Astfel, libr\u0103ria Semn de carte<span style=\"color: #ff0000;\">*<\/span> \u00ee\u021bi ofer\u0103 cu bucurie (&#8230;\u0219i m\u00e2ndrie) ceaiurile familiei <a href=\"http:\/\/www.wollenhaupt.com\/en\/index_e.html\" target=\"_blank\">Wollenhaupt<\/a>, cu o tradi\u021bie \u00een domeniu de peste 125 de ani. Re\u021bete alese, alc\u0103tuite din plante culese de pe 3 continente, te asteapt\u0103 s\u0103 \u00ee\u021bi r\u0103sfe\u021bi sim\u021burile.<\/p>\n<h2><img loading=\"lazy\" class=\"size-full wp-image-3291 aligncenter\" title=\"Ceaiurile Wollenhaupt\" src=\"http:\/\/semndecarte.metarsis.ro\/wp-content\/uploads\/2010\/08\/Ceaiuri-Wollenhaupt.jpg\" alt=\"\" width=\"520\" height=\"200\" srcset=\"https:\/\/semndecarte.metarsis.ro\/wp-content\/uploads\/2010\/08\/Ceaiuri-Wollenhaupt.jpg 520w, https:\/\/semndecarte.metarsis.ro\/wp-content\/uploads\/2010\/08\/Ceaiuri-Wollenhaupt-300x115.jpg 300w\" sizes=\"(max-width: 520px) 100vw, 520px\" \/><\/h2>\n<p style=\"text-align: justify;\">\n<p style=\"text-align: justify;\"><span style=\"color: #ffffff;\">.<\/span><\/p>\n<h2>\u201eJagertee\u201d(ceaiul v\u00e2n\u0103torului).<\/h2>\n<p style=\"text-align: justify;\">\u201eJagertee\u201d , este o bautur\u0103 de origine austro-bavarez\u0103, revigorant\u0103, pe baz\u0103 de ceai negru fierbinte \u0219i rom tare, special, cu un interesant amestec de plante. Germanii \u00eel cunoscut sub numele \u201cHutentee\u201d(ceai de caban\u0103). B\u0103utura, ast\u0103zi celebr\u0103, a fost cunoscut\u0103 \u00eenc\u0103 din Secolul XIX de c\u0103tre t\u0103ietorii de lemne \u0219i v\u00e2n\u0103torii care \u00een nop\u021bile reci de iarn\u0103 turnau \u00een ceaiul fierbinte un strop de b\u0103utur\u0103 alcoolic\u0103, pentru a se proteja \u00eempotriva frigului. Ceaiul \u0219i-a g\u0103sit rapid sus\u0163in\u0103tori, consum\u00e2ndu-se ast\u0103zi \u00een sta\u021biunile alpine austriece, \u00een zilele reci, pentru a pune s\u00e2ngele \u00een mi\u0219care \u0219i a crea bun\u0103 dispozi\u021bie.<\/p>\n<h2><img loading=\"lazy\" class=\"size-full wp-image-3316 aligncenter\" title=\"Jagertee\" src=\"http:\/\/semndecarte.metarsis.ro\/wp-content\/uploads\/2010\/08\/Jagertea.jpg\" alt=\"\" width=\"520\" height=\"200\" srcset=\"https:\/\/semndecarte.metarsis.ro\/wp-content\/uploads\/2010\/08\/Jagertea.jpg 520w, https:\/\/semndecarte.metarsis.ro\/wp-content\/uploads\/2010\/08\/Jagertea-300x115.jpg 300w\" sizes=\"(max-width: 520px) 100vw, 520px\" \/><\/h2>\n<p style=\"text-align: justify;\"><span style=\"color: #ffffff;\">.<\/span><\/p>\n<h2 style=\"text-align: justify;\"><a href=\"http:\/\/semndecarte.metarsis.ro\/?page_id=828\" target=\"_self\">Vezi fotografii din cafenea \u00bb<\/a><\/h2>\n","protected":false},"excerpt":{"rendered":"<p>. Cafeneaua\/Ceain\u0103ria libr\u0103riei Semn de carte* \u0219i-a propus s\u0103 devin\u0103 un loc de referint\u0103 \u00een ora\u0219, prin promovarea produselor de cea mai bun\u0103 calitate. C\u0103ut\u0103m naturalul, gustul \u0219i originalitatea sortimentelor de cafea \u0219i ceaiuri, pe care vi le oferim apoi cu m\u00e2ndrie \u0219i satisfac\u021bie, al\u0103turi de posibiltatea lectur\u0103rii volumelor din libr\u0103rie. Pentru c\u0103 am reflectat [&hellip;]<\/p>\n","protected":false},"author":1,"featured_media":0,"parent":823,"menu_order":3,"comment_status":"closed","ping_status":"closed","template":"","meta":[],"_links":{"self":[{"href":"https:\/\/semndecarte.metarsis.ro\/index.php?rest_route=\/wp\/v2\/pages\/851"}],"collection":[{"href":"https:\/\/semndecarte.metarsis.ro\/index.php?rest_route=\/wp\/v2\/pages"}],"about":[{"href":"https:\/\/semndecarte.metarsis.ro\/index.php?rest_route=\/wp\/v2\/types\/page"}],"author":[{"embeddable":true,"href":"https:\/\/semndecarte.metarsis.ro\/index.php?rest_route=\/wp\/v2\/users\/1"}],"replies":[{"embeddable":true,"href":"https:\/\/semndecarte.metarsis.ro\/index.php?rest_route=%2Fwp%2Fv2%2Fcomments&post=851"}],"version-history":[{"count":0,"href":"https:\/\/semndecarte.metarsis.ro\/index.php?rest_route=\/wp\/v2\/pages\/851\/revisions"}],"up":[{"embeddable":true,"href":"https:\/\/semndecarte.metarsis.ro\/index.php?rest_route=\/wp\/v2\/pages\/823"}],"wp:attachment":[{"href":"https:\/\/semndecarte.metarsis.ro\/index.php?rest_route=%2Fwp%2Fv2%2Fmedia&parent=851"}],"curies":[{"name":"wp","href":"https:\/\/api.w.org\/{rel}","templated":true}]}}