{"id":849,"date":"2010-08-28T14:26:42","date_gmt":"2010-08-28T14:26:42","guid":{"rendered":"http:\/\/semndecarte.metarsis.ro\/?page_id=849"},"modified":"2010-09-08T19:35:33","modified_gmt":"2010-09-08T19:35:33","slug":"librarie","status":"publish","type":"page","link":"https:\/\/semndecarte.metarsis.ro\/?page_id=849","title":{"rendered":"Libr\u0103rie*"},"content":{"rendered":"<p><span style=\"color: #ffffff;\">.<\/span><\/p>\n<h2><img loading=\"lazy\" class=\"size-full wp-image-3342 aligncenter\" title=\"Libr\u0103ria Semn de carte*\" src=\"http:\/\/semndecarte.metarsis.ro\/wp-content\/uploads\/2010\/08\/Libraria-Semn-de-carte.jpg\" alt=\"\" width=\"520\" height=\"200\" srcset=\"https:\/\/semndecarte.metarsis.ro\/wp-content\/uploads\/2010\/08\/Libraria-Semn-de-carte.jpg 520w, https:\/\/semndecarte.metarsis.ro\/wp-content\/uploads\/2010\/08\/Libraria-Semn-de-carte-300x115.jpg 300w\" sizes=\"(max-width: 520px) 100vw, 520px\" \/><\/h2>\n<h2><img loading=\"lazy\" class=\"size-full wp-image-3337 aligncenter\" title=\"Libr\u0103ria Semn de carte*\" src=\"http:\/\/semndecarte.metarsis.ro\/wp-content\/uploads\/2010\/08\/LSDC.jpg\" alt=\"\" width=\"520\" height=\"200\" srcset=\"https:\/\/semndecarte.metarsis.ro\/wp-content\/uploads\/2010\/08\/LSDC.jpg 520w, https:\/\/semndecarte.metarsis.ro\/wp-content\/uploads\/2010\/08\/LSDC-300x115.jpg 300w\" sizes=\"(max-width: 520px) 100vw, 520px\" \/><\/h2>\n<h2>Peste 2000 de titluri.<\/h2>\n<p style=\"text-align: justify;\">Semn de carte<span style=\"color: #ff0000;\">*<\/span> \u00ee\u021bi propune s\u0103 stai un moment \u0219i s\u0103 te gande\u0219ti la noua tendin\u021b\u0103 \u201eslow attitude\u201d.\u00a0  Datorit\u0103 acesteia, hot\u0103r\u0103\u0219ti s\u0103-ti acorzi mai mult timp \u021bie \u0219i  adev\u0103ratelor valori umane,\u00a0 divers conturate in peste 2000 de volume ce  cuprind \u00eempreun\u0103 domenii precum art\u0103, literatur\u0103, cultur\u0103 \u0219i  civiliza\u021bie, tehnic\u0103, istorie, religie \u0219i dezvoltare personal\u0103. Cartea  pentru copii \u0219i manualele \u0219colare fac cas\u0103 bun\u0103 aici cu volume  consacrate \u0219i compact-discurile cu muzic\u0103 cult\u0103. Autori celebri de talie  interna\u021bional\u0103 se \u00eent\u00e2lnesc \u00een rafturile noastre cu autorii de seam\u0103 ai  locului, pentru a-\u021bi putea oferi relaxarea de care ai nevoie. \u00ce\u021bi   propunem astfel, calitatea versus cantitate, lini\u0219tea, calmul pe care \u021bi  le  ofer\u0103 cartea citit\u0103 \u00een tihn\u0103 versus stresul generat de graba \u0219i  nebunia  cotidian\u0103. \u00ce\u021bi propunem \u201eslow attitude\u201d<em> &#8211; <\/em>atitudine lini\u0219tit\u0103<em> <\/em>versus \u201efast attitude\u201d &#8211; atitudinea agitat\u0103. A\u0219adar, deschide o  carte, bea un ceai \u0219i  savureaz\u0103 momentul&#8230;pentru c\u0103, vorba lui  John Lennon &#8222;Via\u021ba este ceea  ce se \u00eentampl\u0103 \u00een timp ce planific\u0103m  viitorul&#8221;.<\/p>\n<p><span style=\"color: #ffffff;\">.<\/span><\/p>\n<address style=\"text-align: justify;\"><em><\/em><\/address>\n<h2 style=\"text-align: justify;\"><a href=\"http:\/\/semndecarte.metarsis.ro\/?page_id=828\" target=\"_self\">Vezi fotografii din libr\u0103rie \u00bb<\/a><em><br \/>\n<\/em><\/h2>\n<div id=\"_mcePaste\" style=\"position: absolute; left: -10000px; top: 93px; width: 1px; height: 1px; overflow: hidden;\">\n<h2 style=\"text-align: left;\">Peste 2000 de titluri.<\/h2>\n<p style=\"text-align: justify;\">&#8222;Semn de carte<span style=\"color: #ff0000;\">*<\/span>&#8221; \u00ee\u021bi propune s\u0103 stai un moment \u0219i s\u0103 te gande\u0219ti la noua tendin\u021b\u0103 <em>slow attitude<\/em>\u00b9.\u00a0  Datorit\u0103 acesteia, hot\u0103r\u0103\u0219ti s\u0103-ti acorzi mai mult timp \u021bie \u0219i  adev\u0103ratelor valori umane,\u00a0 divers conturate in peste 2000 de volume ce  cuprind \u00eempreun\u0103 domenii precum art\u0103, literatur\u0103, cultur\u0103 \u0219i  civiliza\u021bie, tehnic\u0103, istorie, religie \u0219i dezvoltare personal\u0103. Cartea  pentru copii \u0219i manualele \u0219colare fac cas\u0103 bun\u0103 aici cu volume  consacrate \u0219i compact-discurile cu muzic\u0103 cult\u0103. Autori celebri de talie  interna\u021bional\u0103 se \u00eent\u00e2lnesc \u00een rafturile noastre cu autorii de seam\u0103 ai  locului, pentru a-\u021bi putea oferi relaxarea de care ai nevoie. \u00ce\u021bi   propunem astfel, calitatea versus cantitate, lini\u0219tea, calmul pe care \u021bi  le  ofer\u0103 cartea citit\u0103 \u00een tihn\u0103 versus stresul generat de graba \u0219i  nebunia  cotidian\u0103. \u00ce\u021bi propunem <em>slow attitude &#8211; <\/em>atitudine lini\u0219tit\u0103<em> <\/em>versus <em>fast attitude<\/em> &#8211; atitudinea agitat\u0103. A\u0219adar, deschide o  carte, bea un ceai \u0219i  savureaz\u0103 momentul&#8230;pentru c\u0103, vorba lui  John Lennon &#8222;Via\u021ba este ceea  ce se \u00eentampl\u0103 \u00een timp ce planific\u0103m  viitorul&#8221;.<\/p>\n<p style=\"text-align: justify;\"><span style=\"color: #ffffff;\">.<\/span><\/p>\n<p style=\"text-align: justify;\"><span style=\"color: #999999;\">*<em>Slow  attitude<\/em><em> &#8211;\u00a0 (atitudine linistit\u0103) termen lansat de  Business Week \u0219i preluat de  sociologi, referitor la alternativa nebuniei  generate  de globalizare,  la alternativa de a impune calitatea \u00een  detrimentul cantit\u0103tii.<\/em><\/span><\/p>\n<\/div>\n","protected":false},"excerpt":{"rendered":"<p>. Peste 2000 de titluri. Semn de carte* \u00ee\u021bi propune s\u0103 stai un moment \u0219i s\u0103 te gande\u0219ti la noua tendin\u021b\u0103 \u201eslow attitude\u201d.\u00a0 Datorit\u0103 acesteia, hot\u0103r\u0103\u0219ti s\u0103-ti acorzi mai mult timp \u021bie \u0219i adev\u0103ratelor valori umane,\u00a0 divers conturate in peste 2000 de volume ce cuprind \u00eempreun\u0103 domenii precum art\u0103, literatur\u0103, cultur\u0103 \u0219i civiliza\u021bie, tehnic\u0103, istorie, [&hellip;]<\/p>\n","protected":false},"author":1,"featured_media":0,"parent":823,"menu_order":2,"comment_status":"closed","ping_status":"closed","template":"","meta":[],"_links":{"self":[{"href":"https:\/\/semndecarte.metarsis.ro\/index.php?rest_route=\/wp\/v2\/pages\/849"}],"collection":[{"href":"https:\/\/semndecarte.metarsis.ro\/index.php?rest_route=\/wp\/v2\/pages"}],"about":[{"href":"https:\/\/semndecarte.metarsis.ro\/index.php?rest_route=\/wp\/v2\/types\/page"}],"author":[{"embeddable":true,"href":"https:\/\/semndecarte.metarsis.ro\/index.php?rest_route=\/wp\/v2\/users\/1"}],"replies":[{"embeddable":true,"href":"https:\/\/semndecarte.metarsis.ro\/index.php?rest_route=%2Fwp%2Fv2%2Fcomments&post=849"}],"version-history":[{"count":0,"href":"https:\/\/semndecarte.metarsis.ro\/index.php?rest_route=\/wp\/v2\/pages\/849\/revisions"}],"up":[{"embeddable":true,"href":"https:\/\/semndecarte.metarsis.ro\/index.php?rest_route=\/wp\/v2\/pages\/823"}],"wp:attachment":[{"href":"https:\/\/semndecarte.metarsis.ro\/index.php?rest_route=%2Fwp%2Fv2%2Fmedia&parent=849"}],"curies":[{"name":"wp","href":"https:\/\/api.w.org\/{rel}","templated":true}]}}