{"id":835,"date":"2010-08-28T14:16:06","date_gmt":"2010-08-28T14:16:06","guid":{"rendered":"http:\/\/semndecarte.metarsis.ro\/?page_id=835"},"modified":"2010-09-10T23:27:20","modified_gmt":"2010-09-10T23:27:20","slug":"prieteni","status":"publish","type":"page","link":"https:\/\/semndecarte.metarsis.ro\/?page_id=835","title":{"rendered":"Prieteni"},"content":{"rendered":"<p style=\"text-align: justify;\">Ne bucur\u0103m c\u00e2nd avem lang\u0103 noi oameni care inc\u0103 de la prima abordare  s-au ar\u0103tat incanta\u021bi de ini\u021biativa noastr\u0103. Fie ei parteneri (acum)  direct implica\u021bi, permanen\u021bi sau ocazionali, colaboratori sau amatori ai  ideii proiectului, pentru noi bucuria de a putea formula impreun\u0103 idei  este acea\u0219i. V\u0103 suntem tuturor recunasc\u0103tori \u0219i vrem s\u0103 \u0219ti\u021bi c\u0103  p\u0103rerile voastre conteaz\u0103.<\/p>\n<h2 style=\"text-align: justify;\"><a href=\"http:\/\/semndecarte.metarsis.ro\/?page_id=842\" target=\"_self\">Aderen\u021bi \u00bb<\/a> <span style=\"color: #ffffff;\">.<\/span> <a href=\"http:\/\/semndecarte.metarsis.ro\/?page_id=837\" target=\"_self\">Parteneri \u00bb<\/a> <span style=\"color: #ffffff;\">.<\/span> <a href=\"http:\/\/semndecarte.metarsis.ro\/?page_id=839\" target=\"_self\">Colaboratori \u00bb<\/a><\/h2>\n<div id=\"_mcePaste\" style=\"position: absolute; left: -10000px; top: 0px; width: 1px; height: 1px; overflow: hidden;\">Ne bucur\u0103m c\u00e2nd avem lang\u0103 noi oameni care inc\u0103 de la prima abordare  s-au ar\u0103tat incanta\u021bi de ini\u021biativa noastr\u0103. Fie ei parteneri (acum)  direct implica\u021bi, permanen\u021bi sau ocazionali, colaboratori sau amatori ai  ideii proiectului, pentru noi bucuria de a putea formula impreun\u0103 idei  este acea\u0219i. V\u0103 suntem tuturor recunasc\u0103tori \u0219i vrem s\u0103 \u0219ti\u021bi c\u0103  p\u0103rerile voastre conteaz\u0103.<\/div>\n","protected":false},"excerpt":{"rendered":"<p>Ne bucur\u0103m c\u00e2nd avem lang\u0103 noi oameni care inc\u0103 de la prima abordare s-au ar\u0103tat incanta\u021bi de ini\u021biativa noastr\u0103. Fie ei parteneri (acum) direct implica\u021bi, permanen\u021bi sau ocazionali, colaboratori sau amatori ai ideii proiectului, pentru noi bucuria de a putea formula impreun\u0103 idei este acea\u0219i. V\u0103 suntem tuturor recunasc\u0103tori \u0219i vrem s\u0103 \u0219ti\u021bi c\u0103 p\u0103rerile [&hellip;]<\/p>\n","protected":false},"author":1,"featured_media":0,"parent":0,"menu_order":4,"comment_status":"open","ping_status":"closed","template":"template-fullwidth.php","meta":[],"_links":{"self":[{"href":"https:\/\/semndecarte.metarsis.ro\/index.php?rest_route=\/wp\/v2\/pages\/835"}],"collection":[{"href":"https:\/\/semndecarte.metarsis.ro\/index.php?rest_route=\/wp\/v2\/pages"}],"about":[{"href":"https:\/\/semndecarte.metarsis.ro\/index.php?rest_route=\/wp\/v2\/types\/page"}],"author":[{"embeddable":true,"href":"https:\/\/semndecarte.metarsis.ro\/index.php?rest_route=\/wp\/v2\/users\/1"}],"replies":[{"embeddable":true,"href":"https:\/\/semndecarte.metarsis.ro\/index.php?rest_route=%2Fwp%2Fv2%2Fcomments&post=835"}],"version-history":[{"count":0,"href":"https:\/\/semndecarte.metarsis.ro\/index.php?rest_route=\/wp\/v2\/pages\/835\/revisions"}],"wp:attachment":[{"href":"https:\/\/semndecarte.metarsis.ro\/index.php?rest_route=%2Fwp%2Fv2%2Fmedia&parent=835"}],"curies":[{"name":"wp","href":"https:\/\/api.w.org\/{rel}","templated":true}]}}