{"id":815,"date":"2010-06-09T16:38:48","date_gmt":"2010-06-09T16:38:48","guid":{"rendered":"http:\/\/librariasemndecarte.wordpress.com\/"},"modified":"2010-09-10T23:27:38","modified_gmt":"2010-09-10T23:27:38","slug":"scrie-un-mesaj","status":"publish","type":"page","link":"https:\/\/semndecarte.metarsis.ro\/?page_id=815","title":{"rendered":"Las\u0103 un\u00a0mesaj"},"content":{"rendered":"<h2><span style=\"color: #808080;\">Aici &#8211; Loc de g\u00e2nduri!<\/span><\/h2>\n<p style=\"text-align: justify;\"><span style=\"color: #808080;\">Am f\u0103cut aceast\u0103 sec\u021biune pentru a putea primi reac\u021bii imediate de la tine. O sugestie, o critic\u0103, un g\u00e2nd bun sau o \u00eentrebare, i\u0219i vor g\u0103si locul \u00een r\u00e2ndurile de mai jos. <\/span><\/p>\n<p style=\"text-align: justify;\"><span style=\"color: #808080;\"><span style=\"color: #999999;\">Dac\u0103 dore\u0219ti s\u0103 trimi\u021bi un mesaj privat, o po\u021bi face acces\u00e2nd pagina \u201e<a title=\"Scrii un mesaj privat?\" href=\"http:\/\/semndecarte.metarsis.ro\/?page_id=833\" target=\"_self\">Contact<\/a>\u201d a meniului principal.<\/span><br \/>\n<\/span><\/p>\n","protected":false},"excerpt":{"rendered":"<p>Aici &#8211; Loc de g\u00e2nduri! Am f\u0103cut aceast\u0103 sec\u021biune pentru a putea primi reac\u021bii imediate de la tine. O sugestie, o critic\u0103, un g\u00e2nd bun sau o \u00eentrebare, i\u0219i vor g\u0103si locul \u00een r\u00e2ndurile de mai jos. Dac\u0103 dore\u0219ti s\u0103 trimi\u021bi un mesaj privat, o po\u021bi face acces\u00e2nd pagina \u201eContact\u201d a meniului principal.<\/p>\n","protected":false},"author":1,"featured_media":0,"parent":0,"menu_order":5,"comment_status":"open","ping_status":"closed","template":"","meta":[],"_links":{"self":[{"href":"https:\/\/semndecarte.metarsis.ro\/index.php?rest_route=\/wp\/v2\/pages\/815"}],"collection":[{"href":"https:\/\/semndecarte.metarsis.ro\/index.php?rest_route=\/wp\/v2\/pages"}],"about":[{"href":"https:\/\/semndecarte.metarsis.ro\/index.php?rest_route=\/wp\/v2\/types\/page"}],"author":[{"embeddable":true,"href":"https:\/\/semndecarte.metarsis.ro\/index.php?rest_route=\/wp\/v2\/users\/1"}],"replies":[{"embeddable":true,"href":"https:\/\/semndecarte.metarsis.ro\/index.php?rest_route=%2Fwp%2Fv2%2Fcomments&post=815"}],"version-history":[{"count":0,"href":"https:\/\/semndecarte.metarsis.ro\/index.php?rest_route=\/wp\/v2\/pages\/815\/revisions"}],"wp:attachment":[{"href":"https:\/\/semndecarte.metarsis.ro\/index.php?rest_route=%2Fwp%2Fv2%2Fmedia&parent=815"}],"curies":[{"name":"wp","href":"https:\/\/api.w.org\/{rel}","templated":true}]}}